{"id":2472,"date":"2015-12-19T10:24:02","date_gmt":"2015-12-19T10:24:02","guid":{"rendered":"http:\/\/bookie.dev\/?page_id=2472"},"modified":"2022-05-10T14:19:17","modified_gmt":"2022-05-10T19:19:17","slug":"contact","status":"publish","type":"page","link":"https:\/\/urucum-artes.org\/editorial\/contact\/","title":{"rendered":"Contacto"},"content":{"rendered":"<p>Env\u00edanos un correo con el formulario aqu\u00ed o directamente a:<br \/>\neditorial [arroba] urucum-artes.org<\/p>\n<p>Si te interesa publicar con nosotrxs, puedes escribirnos a:<br \/>\nmanuscritos [arroba] urucum-artes.org<\/p>\n<p>Por el momento publicamos pocos libros por a\u00f1o, y nos concentramos en literatura con un sentido social, biograf\u00edas y ensayos que contribuyan a pensar nuestro mundo en estos tiempos de crisis.<\/p>\n<p>Tambi\u00e9n te recomendamos visitar nuestrxs amigxs de <em><a href=\"https:\/\/urucum-artes.org\/flor\/\" target=\"_blank\" rel=\"noopener\">La flor de la palabra<\/a><\/em>, un colectivo que ofrece servicios editoriales que incluyen dise\u00f1o gr\u00e1fico, maquetaci\u00f3n, publicaci\u00f3n, traducci\u00f3n, correcci\u00f3n ortotipogr\u00e1fica y de estilo y m\u00e1s.<\/p>\n","protected":false},"excerpt":{"rendered":"<p>Env\u00edanos un correo con el formulario aqu\u00ed o directamente a: editorial [arroba] urucum-artes.org Si te interesa publicar con nosotrxs, puedes escribirnos a: manuscritos [arroba] urucum-artes.org Por el momento publicamos pocos libros por a\u00f1o, y nos concentramos en literatura con un sentido social, biograf\u00edas y ensayos que contribuyan a pensar nuestro mundo en estos tiempos de [&hellip;]<\/p>\n","protected":false},"author":2,"featured_media":0,"parent":0,"menu_order":0,"comment_status":"closed","ping_status":"closed","template":"page_contact.php","meta":{"nf_dc_page":"","om_disable_all_campaigns":false,"_monsterinsights_skip_tracking":false,"_monsterinsights_sitenote_active":false,"_monsterinsights_sitenote_note":"","_monsterinsights_sitenote_category":0,"footnotes":""},"class_list":["post-2472","page","type-page","status-publish","entry"],"jetpack_sharing_enabled":true,"jetpack_likes_enabled":true,"_links":{"self":[{"href":"https:\/\/urucum-artes.org\/editorial\/wp-json\/wp\/v2\/pages\/2472","targetHints":{"allow":["GET"]}}],"collection":[{"href":"https:\/\/urucum-artes.org\/editorial\/wp-json\/wp\/v2\/pages"}],"about":[{"href":"https:\/\/urucum-artes.org\/editorial\/wp-json\/wp\/v2\/types\/page"}],"author":[{"embeddable":true,"href":"https:\/\/urucum-artes.org\/editorial\/wp-json\/wp\/v2\/users\/2"}],"replies":[{"embeddable":true,"href":"https:\/\/urucum-artes.org\/editorial\/wp-json\/wp\/v2\/comments?post=2472"}],"version-history":[{"count":5,"href":"https:\/\/urucum-artes.org\/editorial\/wp-json\/wp\/v2\/pages\/2472\/revisions"}],"predecessor-version":[{"id":3193,"href":"https:\/\/urucum-artes.org\/editorial\/wp-json\/wp\/v2\/pages\/2472\/revisions\/3193"}],"wp:attachment":[{"href":"https:\/\/urucum-artes.org\/editorial\/wp-json\/wp\/v2\/media?parent=2472"}],"curies":[{"name":"wp","href":"https:\/\/api.w.org\/{rel}","templated":true}]}}