{"id":3140,"date":"2022-04-07T10:52:45","date_gmt":"2022-04-07T15:52:45","guid":{"rendered":"https:\/\/urucum-artes.org\/editorial\/?page_id=3140"},"modified":"2022-04-07T10:56:36","modified_gmt":"2022-04-07T15:56:36","slug":"autors","status":"publish","type":"page","link":"https:\/\/urucum-artes.org\/editorial\/autors\/","title":{"rendered":"Autor@s"},"content":{"rendered":"<div class=\"wpb-content-wrapper\"><p>[vc_row][vc_column]\n\t<style type=\"text\/css\">\n\t\t#vc-book-author-69ea4f96a397c .author-box-inner {background-color:rgba(0,0,0,0.1);}\n\t\t#vc-book-author-69ea4f96a397c .author-details h3 {}\n\t\t#vc-book-author-69ea4f96a397c .author-details .author-books-count {color:#b5312d;}\n\t\t#vc-book-author-69ea4f96a397c .author-details .author-books-count .count {}\n\t\t#vc-book-author-69ea4f96a397c .author-details .author-bio {}\n\t<\/style>\n\n\t<div id=\"vc-book-author-69ea4f96a397c\" class=\"toko-author-lists woocommerce grid column-4\">\n\t\t<ul class=\"author-lists\">\n\t\t\t\t<li class=\"author-box\">\n\t\t\t\t<div class=\"author-box-inner\">\n\t\t\t\t\t<div class=\"author-thumbnail\">\n\t\t\t\t\t\t<img loading=\"lazy\" decoding=\"async\" src=\"https:\/\/i0.wp.com\/urucum-artes.org\/editorial\/wp-content\/uploads\/2022\/04\/AR2.jpg?resize=150%2C150&#038;ssl=1\" alt=\"Alejandro Reyes\" width=\"200\" height=\"200\">\n\t\t\t\t\t<\/div>\n\t\t\t\t\t<div class=\"author-details\">\n\t\t\t\t\t\t<div class=\"author-name\">\n\t\t\t\t\t\t\t<h3>Alejandro Reyes<\/h3>\n\t\t\t\t\t\t<\/div>\n\t\t\t\t\t\t<div class=\"author-books-count\">\n\t\t\t\t\t\t\t<mark class=\"count\">(6)<\/mark> <span>Libros publicados<\/span>\n\t\t\t\t\t\t<\/div>\n\t\t\t\t\t\t<div class=\"author-bio truncate-no\">\n\t\t\t\t\t\t\t<p>Alejandro Reyes naci\u00f3 en la ciudad de M\u00e9xico. Es escritor, periodista, activista y traductor. Ha vivido en Estados Unidos, Francia y Brasil. Es autor de La reina del Cine Roma (novela ganadora del Premio Literario Lipp 2012), Voces dos Por\u00f5es (ensayo), Vidas de Rua (Premio Copene), Sue\u00f1os en tr\u00e1nsito (cr\u00f3nicas), Cuentos mexicanos. Tiene una maestr\u00eda en estudios latinoamericanos y un doctorado en literatura latinoamericana por la Universidad de California, Berkeley.<\/p>\n\t\t\t\t\t\t<\/div>\n\t\t\t\t\t\t<a href=\"https:\/\/urucum-artes.org\/editorial\/book-author\/alejandro-reyes\/\" class=\"button alt\">Ver libros<\/a>\n\t\t\t\t\t<\/div>\n\t\t\t\t<\/div>\n\t\t\t<\/li>\n\t\t\t\t\t<li class=\"author-box\">\n\t\t\t\t<div class=\"author-box-inner\">\n\t\t\t\t\t<div class=\"author-thumbnail\">\n\t\t\t\t\t\t<img loading=\"lazy\" decoding=\"async\" src=\"https:\/\/i0.wp.com\/urucum-artes.org\/editorial\/wp-content\/uploads\/2022\/05\/Gayle-Walker.jpg?resize=150%2C150&#038;ssl=1\" alt=\"Gayle Walker\" width=\"200\" height=\"200\">\n\t\t\t\t\t<\/div>\n\t\t\t\t\t<div class=\"author-details\">\n\t\t\t\t\t\t<div class=\"author-name\">\n\t\t\t\t\t\t\t<h3>Gayle Walker<\/h3>\n\t\t\t\t\t\t<\/div>\n\t\t\t\t\t\t<div class=\"author-books-count\">\n\t\t\t\t\t\t\t<mark class=\"count\">(2)<\/mark> <span>Libros publicados<\/span>\n\t\t\t\t\t\t<\/div>\n\t\t\t\t\t\t<div class=\"author-bio truncate-no\">\n\t\t\t\t\t\t\t<p>Gayle fue una pintora y fot\u00f3grafa excepcional. Su obra refleja su fascinaci\u00f3n por la cultura lacandona maya de Chiapas. Naci\u00f3 el 12 de mayo de 1950 en Atlanta, Georgia, Estados Unidos. Lleg\u00f3 a M\u00e9xico y se dedic\u00f3 a recorrer muchos de los rincones del pa\u00eds. Adopt\u00f3 a San Crist\u00f3bal de Las Casas, Chiapas, como su nuevo hogar. Su producci\u00f3n art\u00edstica (pintura y fotograf\u00eda)  ha sido expuesta en galer\u00edas de M\u00e9xico, Estados Unidos y Europa. El 10 de mayo de 2006, Gayle se despidi\u00f3 de la vida con mucha paz.<\/p>\n\t\t\t\t\t\t<\/div>\n\t\t\t\t\t\t<a href=\"https:\/\/urucum-artes.org\/editorial\/book-author\/gayle-walker\/\" class=\"button alt\">Ver libros<\/a>\n\t\t\t\t\t<\/div>\n\t\t\t\t<\/div>\n\t\t\t<\/li>\n\t\t\t\t\t<li class=\"author-box\">\n\t\t\t\t<div class=\"author-box-inner\">\n\t\t\t\t\t<div class=\"author-thumbnail\">\n\t\t\t\t\t\t<img loading=\"lazy\" decoding=\"async\" src=\"https:\/\/i0.wp.com\/urucum-artes.org\/editorial\/wp-content\/uploads\/2023\/12\/Osbaldo-thumbnail.jpg?resize=150%2C150&#038;ssl=1\" alt=\"Jos\u00e9 Osbaldo Garc\u00eda Mu\u00f1oz\" width=\"200\" height=\"200\">\n\t\t\t\t\t<\/div>\n\t\t\t\t\t<div class=\"author-details\">\n\t\t\t\t\t\t<div class=\"author-name\">\n\t\t\t\t\t\t\t<h3>Jos\u00e9 Osbaldo Garc\u00eda Mu\u00f1oz<\/h3>\n\t\t\t\t\t\t<\/div>\n\t\t\t\t\t\t<div class=\"author-books-count\">\n\t\t\t\t\t\t\t<mark class=\"count\">(2)<\/mark> <span>Libros publicados<\/span>\n\t\t\t\t\t\t<\/div>\n\t\t\t\t\t\t<div class=\"author-bio truncate-no\">\n\t\t\t\t\t\t\t<p>Originario del municipio de Uni\u00f3n Ju\u00e1rez, Chiapas, Jos\u00e9 Osbaldo Garc\u00eda Mu\u00f1oz es antrop\u00f3logo y maestro en Ciencias Sociales y Human\u00edsticas. Residente art\u00edstico en Austria y becario de la escuela de escritores SOGEM-Chiapas, es cofundador del colectivo Gr\u00e1fica Maya (San Crist\u00f3bal de las Casas) y fue muralista titular del proyecto \u201cLa Multiculturalidad de Chiapas Ex-Convento San Agust\u00edn\u201d. Sus trabajos art\u00edsticos est\u00e1n publicados en antolog\u00edas como Y el bolom dice, Voces del Tacan\u00e1, La luna ardiente, Luz de la palabra, Versos y huellas bajo la luna, Madre Tierra, Mirar en Chiapas: artistas visuales contempor\u00e1neos y Rostros del Arte Maya-Zoque de Chiapas. De sus proyectos de investigaci\u00f3n, se han publicado Uni\u00f3n Ju\u00e1rez: Historia y Cultura y Claroscuros de voces antiguas: escritores ind\u00edgenas del siglo XXI en Chiapas. \r\n<\/p>\n\t\t\t\t\t\t<\/div>\n\t\t\t\t\t\t<a href=\"https:\/\/urucum-artes.org\/editorial\/book-author\/jose-osbaldo-garcia-munoz\/\" class=\"button alt\">Ver libros<\/a>\n\t\t\t\t\t<\/div>\n\t\t\t\t<\/div>\n\t\t\t<\/li>\n\t\t\t\t\t<li class=\"author-box\">\n\t\t\t\t<div class=\"author-box-inner\">\n\t\t\t\t\t<div class=\"author-thumbnail\">\n\t\t\t\t\t\t<img loading=\"lazy\" decoding=\"async\" src=\"https:\/\/i0.wp.com\/urucum-artes.org\/editorial\/wp-content\/uploads\/2022\/03\/Xunka_sq.jpg?resize=150%2C150&#038;ssl=1\" alt=\"Juana Mar\u00eda Ruiz Ortiz\" width=\"200\" height=\"200\">\n\t\t\t\t\t<\/div>\n\t\t\t\t\t<div class=\"author-details\">\n\t\t\t\t\t\t<div class=\"author-name\">\n\t\t\t\t\t\t\t<h3>Juana Mar\u00eda Ruiz Ortiz<\/h3>\n\t\t\t\t\t\t<\/div>\n\t\t\t\t\t\t<div class=\"author-books-count\">\n\t\t\t\t\t\t\t<mark class=\"count\">(2)<\/mark> <span>Libros publicados<\/span>\n\t\t\t\t\t\t<\/div>\n\t\t\t\t\t\t<div class=\"author-bio truncate-no\">\n\t\t\t\t\t\t\t<p>Juana Mar\u00eda Ruiz Ortiz naci\u00f3 en San Pedro Chenalh\u00f3, Los Altos de Chiapas, en la d\u00e9cada de 1950. Tras una infancia y adolescencia de abuso y violencia familiar, huy\u00f3 de Chenalh\u00f3 a la edad de 15 a\u00f1os y migr\u00f3 a la ciudad de San Crist\u00f3bal de Las Casas. Es escritora, int\u00e9rprete, traductora y asistente de investigaci\u00f3n en el Instituto de Estudios Ind\u00edgenas de la Universidad Aut\u00f3noma de Chiapas. Como activista, form\u00f3 parte del Colectivo de Mujeres de San Crist\u00f3bal y durante a\u00f1os realiz\u00f3 trabajo organizativo con mujeres de diversas localidades. Despu\u00e9s del levantamiento zapatista, particip\u00f3 en los Di\u00e1logos de San Andr\u00e9s y viaj\u00f3 a varios pa\u00edses compartiendo la visi\u00f3n y la vivencia de las mujeres ind\u00edgenas de Chiapas. Escribe poes\u00eda, cuentos y narrativa. <\/p>\n\t\t\t\t\t\t<\/div>\n\t\t\t\t\t\t<a href=\"https:\/\/urucum-artes.org\/editorial\/book-author\/xunka\/\" class=\"button alt\">Ver libros<\/a>\n\t\t\t\t\t<\/div>\n\t\t\t\t<\/div>\n\t\t\t<\/li>\n\t\t\t\t\t<li class=\"author-box\">\n\t\t\t\t<div class=\"author-box-inner\">\n\t\t\t\t\t<div class=\"author-thumbnail\">\n\t\t\t\t\t\t<img loading=\"lazy\" decoding=\"async\" src=\"https:\/\/i0.wp.com\/urucum-artes.org\/editorial\/wp-content\/uploads\/2022\/04\/Kiki-mayo-2021.jpg?resize=150%2C150&#038;ssl=1\" alt=\"Kiki Su\u00e1rez\" width=\"200\" height=\"200\">\n\t\t\t\t\t<\/div>\n\t\t\t\t\t<div class=\"author-details\">\n\t\t\t\t\t\t<div class=\"author-name\">\n\t\t\t\t\t\t\t<h3>Kiki Su\u00e1rez<\/h3>\n\t\t\t\t\t\t<\/div>\n\t\t\t\t\t\t<div class=\"author-books-count\">\n\t\t\t\t\t\t\t<mark class=\"count\">(7)<\/mark> <span>Libros publicados<\/span>\n\t\t\t\t\t\t<\/div>\n\t\t\t\t\t\t<div class=\"author-bio truncate-no\">\n\t\t\t\t\t\t\t<p>Kiki Su\u00e1rez es una destacada artista y psicoterapeuta alemana. Lleg\u00f3 a Chiapas hace m\u00e1s de cuatro d\u00e9cadas, y hoy es un \u00edcono de la comunidad creativa en San Crist\u00f3bal de Las Casas. , Se considera una anarquista amorosa y lo que m\u00e1s le fascina en la vida es el encuentro humano.<\/p>\n\t\t\t\t\t\t<\/div>\n\t\t\t\t\t\t<a href=\"https:\/\/urucum-artes.org\/editorial\/book-author\/kiki-suarez\/\" class=\"button alt\">Ver libros<\/a>\n\t\t\t\t\t<\/div>\n\t\t\t\t<\/div>\n\t\t\t<\/li>\n\t\t\t\t\t<li class=\"author-box\">\n\t\t\t\t<div class=\"author-box-inner\">\n\t\t\t\t\t<div class=\"author-thumbnail\">\n\t\t\t\t\t\t<img loading=\"lazy\" decoding=\"async\" src=\"https:\/\/i0.wp.com\/urucum-artes.org\/editorial\/wp-content\/uploads\/2022\/04\/Luciana.jpg?resize=150%2C150&#038;ssl=1\" alt=\"Luciana Accioly\" width=\"200\" height=\"200\">\n\t\t\t\t\t<\/div>\n\t\t\t\t\t<div class=\"author-details\">\n\t\t\t\t\t\t<div class=\"author-name\">\n\t\t\t\t\t\t\t<h3>Luciana Accioly<\/h3>\n\t\t\t\t\t\t<\/div>\n\t\t\t\t\t\t<div class=\"author-books-count\">\n\t\t\t\t\t\t\t<mark class=\"count\">(3)<\/mark> <span>Libros publicados<\/span>\n\t\t\t\t\t\t<\/div>\n\t\t\t\t\t\t<div class=\"author-bio truncate-no\">\n\t\t\t\t\t\t\t<p>Luciana Accioly es brasile\u00f1a, nativa de Salvador, Bahia, y vive en San Crist\u00f3bal de Las Casas desde 2018. Es periodista, curadora e investigadora de artes visuales. Tiene maestr\u00eda en Bellas Artes y es doctoranda en Difusi\u00f3n del Conocimiento por la Universidad Federal de Bahia.<\/p>\n\t\t\t\t\t\t<\/div>\n\t\t\t\t\t\t<a href=\"https:\/\/urucum-artes.org\/editorial\/book-author\/luciana-accioly\/\" class=\"button alt\">Ver libros<\/a>\n\t\t\t\t\t<\/div>\n\t\t\t\t<\/div>\n\t\t\t<\/li>\n\t\t\t\t<\/ul>\n\t<\/div>\n\t[\/vc_column][\/vc_row]<\/p>\n<\/div>","protected":false},"excerpt":{"rendered":"<p>[vc_row][vc_column][\/vc_column][\/vc_row]<\/p>\n","protected":false},"author":2,"featured_media":0,"parent":0,"menu_order":0,"comment_status":"closed","ping_status":"closed","template":"page_fullwidth.php","meta":{"nf_dc_page":"","om_disable_all_campaigns":false,"_monsterinsights_skip_tracking":false,"_monsterinsights_sitenote_active":false,"_monsterinsights_sitenote_note":"","_monsterinsights_sitenote_category":0,"footnotes":""},"class_list":["post-3140","page","type-page","status-publish","entry"],"jetpack_sharing_enabled":true,"jetpack_likes_enabled":true,"_links":{"self":[{"href":"https:\/\/urucum-artes.org\/editorial\/wp-json\/wp\/v2\/pages\/3140","targetHints":{"allow":["GET"]}}],"collection":[{"href":"https:\/\/urucum-artes.org\/editorial\/wp-json\/wp\/v2\/pages"}],"about":[{"href":"https:\/\/urucum-artes.org\/editorial\/wp-json\/wp\/v2\/types\/page"}],"author":[{"embeddable":true,"href":"https:\/\/urucum-artes.org\/editorial\/wp-json\/wp\/v2\/users\/2"}],"replies":[{"embeddable":true,"href":"https:\/\/urucum-artes.org\/editorial\/wp-json\/wp\/v2\/comments?post=3140"}],"version-history":[{"count":5,"href":"https:\/\/urucum-artes.org\/editorial\/wp-json\/wp\/v2\/pages\/3140\/revisions"}],"predecessor-version":[{"id":3145,"href":"https:\/\/urucum-artes.org\/editorial\/wp-json\/wp\/v2\/pages\/3140\/revisions\/3145"}],"wp:attachment":[{"href":"https:\/\/urucum-artes.org\/editorial\/wp-json\/wp\/v2\/media?parent=3140"}],"curies":[{"name":"wp","href":"https:\/\/api.w.org\/{rel}","templated":true}]}}