{"id":3067,"date":"2022-03-01T23:39:47","date_gmt":"2022-03-02T05:39:47","guid":{"rendered":"https:\/\/urucum-artes.org\/editorial\/?post_type=product&#038;p=3067"},"modified":"2022-05-11T13:07:31","modified_gmt":"2022-05-11T18:07:31","slug":"la-coleccionista-de-memorias","status":"publish","type":"product","link":"https:\/\/urucum-artes.org\/editorial\/product\/la-coleccionista-de-memorias\/","title":{"rendered":"La coleccionista de memorias (eBook)"},"content":{"rendered":"<p><strong>Kiki Su\u00e1rez<\/strong> naci\u00f3 como Irene Oberstenfeld en 1951 en la peque\u00f1a ciudad Bergedorf cerca de Hamburgo en Alemania. En 1977 lleg\u00f3 a San Crist\u00f3bal de Las Casas donde se cas\u00f3 con Gabriel Su\u00e1rez, y en 1979 abrieron la primera galer\u00eda de arte en el estado, su centro cultural La Galer\u00eda, hoy La Galer\u00eda \u2013 Kikimundo. Kiki trabaja como artista y psicoterapeuta y se considera una anarquista amorosa y creadora de espacios para el encuentro humano. Lleva grupos de ayuda mutua, filosof\u00eda, lectura y meditaci\u00f3n. Us\u00f3 el confinamiento por Covid-19 para escribir sus memorias y al escribir se dio cuenta de que es verdad lo que dec\u00edan los antiguos mayas: el tiempo corre en c\u00edrculos y no sobre una recta de un punto a otro. En cada cap\u00edtulo se entrelazan acontecimientos de hace d\u00e9cadas en el norte de Alemania con lo que pas\u00f3 y pasa aqu\u00ed en San Crist\u00f3bal y se comprueba nuevamente que en la vida todo se conecta con todo. En el camino describe encuentros con muchos personajes ilustres que han dejado huella en nuestra ciudad.<\/p>\n","protected":false},"excerpt":{"rendered":"<p>Las memorias de Kiki Su\u00e1rez, artista pl\u00e1stica y terapeuta alemana que desde hace m\u00e1s de cuatro d\u00e9cadas vive en San Crist\u00f3bal de Las Casas, Chiapas, hacen un recorrido no s\u00f3lo de sus propias vivencias en Alemania y M\u00e9xico, sino de su mundo interior, as\u00ed como sus muchos contactos con todo tipo de personajes extraordinarios en ambos continentes.<\/p>\n<table>\n<tbody>\n<tr>\n<th style=\"vertical-align: center;\">Versi\u00f3n electr\u00f3nica (eBook)<\/th>\n<th style=\"vertical-align: center;\"><\/th>\n<\/tr>\n<tr>\n<th style=\"vertical-align: center;\">Tambi\u00e9n disponible en papel:&nbsp;&nbsp;<\/th>\n<th style=\"vertical-align: center;\"><a href=\"https:\/\/urucum-artes.org\/editorial\/product\/la-coleccionista-de-memorias-papel\/\"><img decoding=\"async\" class=\"aligncenter wp-image-3129\" src=\"https:\/\/urucum-artes.org\/editorial\/wp-content\/uploads\/2022\/03\/papel-sm.jpg\" alt=\"\" width=\"100\" \/><\/a><\/th>\n<\/tr>\n<\/tbody>\n<\/table>\n","protected":false},"featured_media":3068,"comment_status":"open","ping_status":"closed","template":"","meta":{"nf_dc_page":"","om_disable_all_campaigns":false,"_monsterinsights_skip_tracking":false,"_monsterinsights_sitenote_active":false,"_monsterinsights_sitenote_note":"","_monsterinsights_sitenote_category":0},"product_brand":[],"product_cat":[48,60,80],"product_tag":[54,55],"class_list":{"0":"post-3067","1":"product","2":"type-product","3":"status-publish","4":"has-post-thumbnail","6":"book_author-kiki-suarez","7":"product_cat-biografia","8":"product_cat-ebook","9":"product_cat-espanol","10":"product_tag-autobiografia","11":"product_tag-chiapas","13":"first","14":"instock","15":"downloadable","16":"virtual","17":"purchasable","18":"product-type-simple"},"jetpack_sharing_enabled":true,"jetpack_likes_enabled":true,"_links":{"self":[{"href":"https:\/\/urucum-artes.org\/editorial\/wp-json\/wp\/v2\/product\/3067","targetHints":{"allow":["GET"]}}],"collection":[{"href":"https:\/\/urucum-artes.org\/editorial\/wp-json\/wp\/v2\/product"}],"about":[{"href":"https:\/\/urucum-artes.org\/editorial\/wp-json\/wp\/v2\/types\/product"}],"replies":[{"embeddable":true,"href":"https:\/\/urucum-artes.org\/editorial\/wp-json\/wp\/v2\/comments?post=3067"}],"wp:featuredmedia":[{"embeddable":true,"href":"https:\/\/urucum-artes.org\/editorial\/wp-json\/wp\/v2\/media\/3068"}],"wp:attachment":[{"href":"https:\/\/urucum-artes.org\/editorial\/wp-json\/wp\/v2\/media?parent=3067"}],"wp:term":[{"taxonomy":"product_brand","embeddable":true,"href":"https:\/\/urucum-artes.org\/editorial\/wp-json\/wp\/v2\/product_brand?post=3067"},{"taxonomy":"product_cat","embeddable":true,"href":"https:\/\/urucum-artes.org\/editorial\/wp-json\/wp\/v2\/product_cat?post=3067"},{"taxonomy":"product_tag","embeddable":true,"href":"https:\/\/urucum-artes.org\/editorial\/wp-json\/wp\/v2\/product_tag?post=3067"}],"curies":[{"name":"wp","href":"https:\/\/api.w.org\/{rel}","templated":true}]}}