{"id":3072,"date":"2022-04-01T17:13:21","date_gmt":"2022-04-01T23:13:21","guid":{"rendered":"https:\/\/urucum-artes.org\/editorial\/?post_type=product&#038;p=3072"},"modified":"2023-07-03T13:58:51","modified_gmt":"2023-07-03T19:58:51","slug":"trecientas-hormigas-ebook","status":"publish","type":"product","link":"https:\/\/urucum-artes.org\/editorial\/product\/trecientas-hormigas-ebook\/","title":{"rendered":"Trecientas hormigas (eBook)"},"content":{"rendered":"<p>&#8220;<em>Pens\u00e9 en lo que hab\u00eda sido mi vida hasta entonces. Los golpes, las patadas y los insultos de mi pap\u00e1. Si \u00e9l sal\u00eda y yo me quedaba en la casa, me pegaba mi t\u00eda. Cuando regresaba del rancho, me pateaba mi pap\u00e1. De beb\u00e9 me picaron las trecientas hormigas porque mi pap\u00e1 me quer\u00eda muerta. M\u00e1s tarde tuve que ayudar a bajar la carga de las mulas y los caballos, cuando todav\u00eda era muy chica y ni siquiera alcanzaba. Mi abuela paterna me trataba como su caballo de carga. Desde peque\u00f1a tuve que buscar le\u00f1a en el monte. Crec\u00ed casi desnuda. Ten\u00eda que caminar descalza con el dolor de los pies en tiempos de heladas, hundida en el lodo en tiempos de lluvia. Mi mam\u00e1 nunca me defendi\u00f3, y mi t\u00eda, que s\u00ed lo hizo, s\u00f3lo se aprovechaba de m\u00ed. Era, y siempre fui, un objeto que no val\u00eda nada, que s\u00f3lo hab\u00eda llegado para quitarle su lugar al var\u00f3n. Algo que pod\u00eda ser vendido por un litro de pox.<\/em>&#8221;<\/p>\n<p><em>Trecientas hormigas<\/em> es una historia de resiliencia, fortaleza y determinaci\u00f3n: el relato autobiogr\u00e1fico de una mujer que ha sabido resistir y reinventarse en un contexto de violencia machista, sembrando a su paso dignidad, respeto y esperanza.<\/p>\n","protected":false},"excerpt":{"rendered":"<p><i>Trecientas hormigas<\/i> es una historia de resiliencia, fortaleza y determinaci\u00f3n: el relato autobiogr\u00e1fico de una mujer que ha sabido resistir y reinventarse en un contexto de violencia machista, sembrando a su paso dignidad, respeto y esperanza.<\/p>\n<table>\n<tr>\n<th style=\"vertical-align:center\">Versi\u00f3n electr\u00f3nica (eBook)<\/th>\n<th style=\"vertical-align:center\">&nbsp;<\/th>\n<\/tr>\n<tr>\n<th style=\"vertical-align:center\">Tambi\u00e9n disponible en papel:   &nbsp;<\/th>\n<th style=\"vertical-align:center\"><a href=\"https:\/\/urucum-artes.org\/editorial\/product\/trecientas-hormigas-papel\/\"><img decoding=\"async\" src=\"https:\/\/urucum-artes.org\/editorial\/wp-content\/uploads\/2022\/03\/papel-sm.jpg\" alt=\"\" width=\"100\" class=\"aligncenter wp-image-3129\" \/><\/a><\/th>\n<\/tr>\n<\/table>\n","protected":false},"featured_media":3061,"comment_status":"open","ping_status":"closed","template":"","meta":{"nf_dc_page":"","om_disable_all_campaigns":false,"_monsterinsights_skip_tracking":false,"_monsterinsights_sitenote_active":false,"_monsterinsights_sitenote_note":"","_monsterinsights_sitenote_category":0},"product_brand":[],"product_cat":[48,60,80],"product_tag":[54,58,49],"class_list":{"0":"post-3072","1":"product","2":"type-product","3":"status-publish","4":"has-post-thumbnail","6":"book_author-xunka","7":"product_cat-biografia","8":"product_cat-ebook","9":"product_cat-espanol","10":"product_tag-autobiografia","11":"product_tag-mujeres","12":"product_tag-pueblos-originarios","14":"first","15":"instock","16":"downloadable","17":"virtual","18":"purchasable","19":"product-type-simple"},"jetpack_sharing_enabled":true,"jetpack_likes_enabled":true,"_links":{"self":[{"href":"https:\/\/urucum-artes.org\/editorial\/wp-json\/wp\/v2\/product\/3072","targetHints":{"allow":["GET"]}}],"collection":[{"href":"https:\/\/urucum-artes.org\/editorial\/wp-json\/wp\/v2\/product"}],"about":[{"href":"https:\/\/urucum-artes.org\/editorial\/wp-json\/wp\/v2\/types\/product"}],"replies":[{"embeddable":true,"href":"https:\/\/urucum-artes.org\/editorial\/wp-json\/wp\/v2\/comments?post=3072"}],"wp:featuredmedia":[{"embeddable":true,"href":"https:\/\/urucum-artes.org\/editorial\/wp-json\/wp\/v2\/media\/3061"}],"wp:attachment":[{"href":"https:\/\/urucum-artes.org\/editorial\/wp-json\/wp\/v2\/media?parent=3072"}],"wp:term":[{"taxonomy":"product_brand","embeddable":true,"href":"https:\/\/urucum-artes.org\/editorial\/wp-json\/wp\/v2\/product_brand?post=3072"},{"taxonomy":"product_cat","embeddable":true,"href":"https:\/\/urucum-artes.org\/editorial\/wp-json\/wp\/v2\/product_cat?post=3072"},{"taxonomy":"product_tag","embeddable":true,"href":"https:\/\/urucum-artes.org\/editorial\/wp-json\/wp\/v2\/product_tag?post=3072"}],"curies":[{"name":"wp","href":"https:\/\/api.w.org\/{rel}","templated":true}]}}