{"id":3115,"date":"2022-03-28T12:08:32","date_gmt":"2022-03-28T18:08:32","guid":{"rendered":"https:\/\/urucum-artes.org\/editorial\/?post_type=product&#038;p=3115"},"modified":"2022-05-11T13:05:52","modified_gmt":"2022-05-11T18:05:52","slug":"la-reina-del-cine-roma-ebook","status":"publish","type":"product","link":"https:\/\/urucum-artes.org\/editorial\/product\/la-reina-del-cine-roma-ebook\/","title":{"rendered":"La reina del Cine Roma (eBook)"},"content":{"rendered":"<p>El d\u00eda en que se conocen Mar\u00eda Aparecida y Betinho, ambos criados en las calles de Salvador de Bah\u00eda, se convierten en amigos inseparables. Al poco tiempo deciden irse a vivir a un cine abandonado, el Cine Roma. Su amistad se convierte en un ant\u00eddoto para combatir la dura realidad de un mundo amenazador. Un d\u00eda sus destinos se separar\u00e1n. \u00c9l se ir\u00e1 a vivir a R\u00edo de Janeiro, ella se ir\u00e1 de prostituta. Cuando vuelven a encontrarse, la vida les dar\u00e1 una nueva oportunidad. Entre abrazos, l\u00e1grimas y amores prohibidos, Mar\u00eda Aparecida y Betinho insistir\u00e1n en buscar la felicidad, rozando los l\u00edmites de lo \u00fanico que los mantiene con vida: la esperanza.<\/p>\n<p>&#8220;Alejandro Reyes ha escrito una de las mejores novelas recientes al recuperar de manera directa, sin ning\u00fan tipo de adorno ling\u00fc\u00edstico ni trama distractora, la realidad de esos ni\u00f1os ignorados que pululan en las calles latinoamericanas.&#8221; \u2013Revista Proceso<\/p>\n<p>&#8220;Quien tenga el pecho d\u00e9bil, no debe tocar este libro. Porque es duro, crudo, verdadero. Sin embargo, queda al final un hilito de az\u00facar, enmarcado en un rayito de esperanza.&#8221; \u2013Pepetela, escritor angole\u00f1o.<\/p>\n<p><iframe loading=\"lazy\" title=\"YouTube video player\" src=\"https:\/\/www.youtube.com\/embed\/OY-KHYsBjt0\" width=\"560\" height=\"315\" frameborder=\"0\" allowfullscreen=\"allowfullscreen\"><\/iframe><\/p>\n","protected":false},"excerpt":{"rendered":"<p>Esta novela, ganadora del Premio Lipp 2012, fue reconocida por el jurado por &#8220;el aliento universal del retrato de un grupo de olvidados que transitan por los bajos fondos de Salvador de Bah\u00eda, Brasil; as\u00ed como por las diferentes texturas narrativas que la dotan de un universo propio lleno de intensidades que retratan los l\u00edmites del sufrimiento&#8221;.<\/p>\n<table>\n<tbody>\n<tr>\n<th style=\"vertical-align: center;\">Versi\u00f3n electr\u00f3nica (eBook)<\/th>\n<th style=\"vertical-align: center;\"><\/th>\n<\/tr>\n<tr>\n<th style=\"vertical-align: center;\">Tambi\u00e9n disponible en papel:<\/th>\n<th style=\"vertical-align: center;\"><a href=\"https:\/\/urucum-artes.org\/editorial\/product\/la-reina-del-cine-roma\/\"><img decoding=\"async\" class=\"aligncenter wp-image-3129\" src=\"https:\/\/urucum-artes.org\/editorial\/wp-content\/uploads\/2022\/03\/papel-sm.jpg\" alt=\"\" width=\"100\" \/><\/a><\/th>\n<\/tr>\n<\/tbody>\n<\/table>\n","protected":false},"featured_media":3164,"comment_status":"open","ping_status":"closed","template":"","meta":{"nf_dc_page":"","om_disable_all_campaigns":false,"_monsterinsights_skip_tracking":false,"_monsterinsights_sitenote_active":false,"_monsterinsights_sitenote_note":"","_monsterinsights_sitenote_category":0},"product_brand":[],"product_cat":[60,80,56],"product_tag":[66,67,65,68],"class_list":{"0":"post-3115","1":"product","2":"type-product","3":"status-publish","4":"has-post-thumbnail","6":"book_author-alejandro-reyes","7":"product_cat-ebook","8":"product_cat-espanol","9":"product_cat-novela","10":"product_tag-brasil","11":"product_tag-infancia","12":"product_tag-novela","13":"product_tag-violencia","15":"first","16":"instock","17":"downloadable","18":"virtual","19":"purchasable","20":"product-type-simple"},"jetpack_sharing_enabled":true,"jetpack_likes_enabled":true,"_links":{"self":[{"href":"https:\/\/urucum-artes.org\/editorial\/wp-json\/wp\/v2\/product\/3115","targetHints":{"allow":["GET"]}}],"collection":[{"href":"https:\/\/urucum-artes.org\/editorial\/wp-json\/wp\/v2\/product"}],"about":[{"href":"https:\/\/urucum-artes.org\/editorial\/wp-json\/wp\/v2\/types\/product"}],"replies":[{"embeddable":true,"href":"https:\/\/urucum-artes.org\/editorial\/wp-json\/wp\/v2\/comments?post=3115"}],"wp:featuredmedia":[{"embeddable":true,"href":"https:\/\/urucum-artes.org\/editorial\/wp-json\/wp\/v2\/media\/3164"}],"wp:attachment":[{"href":"https:\/\/urucum-artes.org\/editorial\/wp-json\/wp\/v2\/media?parent=3115"}],"wp:term":[{"taxonomy":"product_brand","embeddable":true,"href":"https:\/\/urucum-artes.org\/editorial\/wp-json\/wp\/v2\/product_brand?post=3115"},{"taxonomy":"product_cat","embeddable":true,"href":"https:\/\/urucum-artes.org\/editorial\/wp-json\/wp\/v2\/product_cat?post=3115"},{"taxonomy":"product_tag","embeddable":true,"href":"https:\/\/urucum-artes.org\/editorial\/wp-json\/wp\/v2\/product_tag?post=3115"}],"curies":[{"name":"wp","href":"https:\/\/api.w.org\/{rel}","templated":true}]}}