{"id":3151,"date":"2022-03-25T09:57:54","date_gmt":"2022-03-25T15:57:54","guid":{"rendered":"https:\/\/urucum-artes.org\/editorial\/?post_type=product&#038;p=3151"},"modified":"2022-05-11T13:06:44","modified_gmt":"2022-05-11T18:06:44","slug":"el-pequeno-pulpo","status":"publish","type":"product","link":"https:\/\/urucum-artes.org\/editorial\/product\/el-pequeno-pulpo\/","title":{"rendered":"El peque\u00f1o pulpo"},"content":{"rendered":"<p>&#8220;\u00bfQu\u00e9 es m\u00e1s importante, la libertad o la respiraci\u00f3n?&#8221; Esa pregunta, hecha por un ni\u00f1o de seis a\u00f1os, inspir\u00f3 este bello cuento de Luciana Accioly, ilustrado por la artista pl\u00e1stica Kiki Su\u00e1rez. Un peque\u00f1o pulpo se enfrenta a la gran aventura de vivir, descubriendo en el proceso las bellezas, las dificultades, las alegr\u00edas y tristezas de la vida y el misterio de la creatividad. Un cuento tanto para ni\u00f1os como para adultos, que nos invita a sentipensar sobre nuestro caminar en el mundo.<\/p>\n","protected":false},"excerpt":{"rendered":"<p>&#8220;\u00bfQu\u00e9 es m\u00e1s importante, la libertad o la respiraci\u00f3n?&#8221; Esa pregunta, hecha por un ni\u00f1o de seis a\u00f1os, inspir\u00f3 este bello cuento de Luciana Accioly, ilustrado por la artista pl\u00e1stica Kiki Su\u00e1rez. Un peque\u00f1o pulpo se enfrenta a la gran aventura de vivir, descubriendo en el proceso las bellezas, las dificultades, las alegr\u00edas y tristezas de la vida y el misterio de la creatividad. Un cuento tanto para ni\u00f1os como para adultos, que nos invita a sentipensar sobre nuestro caminar en el mundo.<\/p>\n<table>\n<tbody>\n<tr>\n<th style=\"vertical-align: center;\">Versi\u00f3n en papel.<\/th>\n<th style=\"vertical-align: center;\"><\/th>\n<\/tr>\n<tr>\n<th style=\"vertical-align: center;\">Tambi\u00e9n disponible como libro electr\u00f3nico:&nbsp;&nbsp;<\/th>\n<th style=\"vertical-align: center;\"><a href=\"https:\/\/urucum-artes.org\/editorial\/product\/el-pequeno-pulpo-ebook\/\"><img decoding=\"async\" class=\"aligncenter wp-image-3128\" src=\"https:\/\/urucum-artes.org\/editorial\/wp-content\/uploads\/2022\/04\/ebook-sm.jpg\" alt=\"\" width=\"100\" \/><\/a><\/th>\n<\/tr>\n<\/tbody>\n<\/table>\n","protected":false},"featured_media":3152,"comment_status":"open","ping_status":"closed","template":"","meta":{"nf_dc_page":"","om_disable_all_campaigns":false,"_monsterinsights_skip_tracking":false,"_monsterinsights_sitenote_active":false,"_monsterinsights_sitenote_note":"","_monsterinsights_sitenote_category":0},"product_brand":[],"product_cat":[63,80,61],"product_tag":[67],"class_list":{"0":"post-3151","1":"product","2":"type-product","3":"status-publish","4":"has-post-thumbnail","6":"book_author-kiki-suarez","7":"book_author-luciana-accioly","8":"product_cat-cuentos","9":"product_cat-espanol","10":"product_cat-papel","11":"product_tag-infancia","13":"first","14":"instock","15":"shipping-taxable","16":"purchasable","17":"product-type-simple"},"jetpack_sharing_enabled":true,"jetpack_likes_enabled":true,"_links":{"self":[{"href":"https:\/\/urucum-artes.org\/editorial\/wp-json\/wp\/v2\/product\/3151","targetHints":{"allow":["GET"]}}],"collection":[{"href":"https:\/\/urucum-artes.org\/editorial\/wp-json\/wp\/v2\/product"}],"about":[{"href":"https:\/\/urucum-artes.org\/editorial\/wp-json\/wp\/v2\/types\/product"}],"replies":[{"embeddable":true,"href":"https:\/\/urucum-artes.org\/editorial\/wp-json\/wp\/v2\/comments?post=3151"}],"wp:featuredmedia":[{"embeddable":true,"href":"https:\/\/urucum-artes.org\/editorial\/wp-json\/wp\/v2\/media\/3152"}],"wp:attachment":[{"href":"https:\/\/urucum-artes.org\/editorial\/wp-json\/wp\/v2\/media?parent=3151"}],"wp:term":[{"taxonomy":"product_brand","embeddable":true,"href":"https:\/\/urucum-artes.org\/editorial\/wp-json\/wp\/v2\/product_brand?post=3151"},{"taxonomy":"product_cat","embeddable":true,"href":"https:\/\/urucum-artes.org\/editorial\/wp-json\/wp\/v2\/product_cat?post=3151"},{"taxonomy":"product_tag","embeddable":true,"href":"https:\/\/urucum-artes.org\/editorial\/wp-json\/wp\/v2\/product_tag?post=3151"}],"curies":[{"name":"wp","href":"https:\/\/api.w.org\/{rel}","templated":true}]}}