{"id":3172,"date":"2022-03-25T09:55:13","date_gmt":"2022-03-25T15:55:13","guid":{"rendered":"https:\/\/urucum-artes.org\/editorial\/?post_type=product&#038;p=3172"},"modified":"2022-05-11T13:06:58","modified_gmt":"2022-05-11T18:06:58","slug":"el-pequeno-pulpo-ebook","status":"publish","type":"product","link":"https:\/\/urucum-artes.org\/editorial\/product\/el-pequeno-pulpo-ebook\/","title":{"rendered":"El peque\u00f1o pulpo (eBook)"},"content":{"rendered":"<p>\u201c\u00bfQu\u00e9 es m\u00e1s importante, la libertad o la respiraci\u00f3n?\u201d Esa pregunta, hecha por un ni\u00f1o de seis a\u00f1os, inspir\u00f3 este bello cuento de Luciana Accioly, ilustrado por la artista pl\u00e1stica Kiki Su\u00e1rez. Un peque\u00f1o pulpo se enfrenta a la gran aventura de vivir, descubriendo en el proceso las bellezas, las dificultades, las alegr\u00edas y tristezas de la vida y el misterio de la creatividad. Un cuento tanto para ni\u00f1os como para adultos, que nos invita a sentipensar sobre nuestro caminar en el mundo.<\/p>\n","protected":false},"excerpt":{"rendered":"<p>\u201c\u00bfQu\u00e9 es m\u00e1s importante, la libertad o la respiraci\u00f3n?\u201d Esa pregunta, hecha por un ni\u00f1o de seis a\u00f1os, inspir\u00f3 este bello cuento de Luciana Accioly, ilustrado por la artista pl\u00e1stica Kiki Su\u00e1rez. Un peque\u00f1o pulpo se enfrenta a la gran aventura de vivir, descubriendo en el proceso las bellezas, las dificultades, las alegr\u00edas y tristezas de la vida y el misterio de la creatividad. Un cuento tanto para ni\u00f1os como para adultos, que nos invita a sentipensar sobre nuestro caminar en el mundo.<\/p>\n<table>\n<tr>\n<th style=\"vertical-align:center\">Versi\u00f3n electr\u00f3nica (eBook)<\/th>\n<th style=\"vertical-align:center\">&nbsp;<\/th>\n<\/tr>\n<tr>\n<th style=\"vertical-align:center\">Tambi\u00e9n disponible en papel:   &nbsp;<\/th>\n<th style=\"vertical-align:center\"><a href=\"https:\/\/urucum-artes.org\/editorial\/product\/el-pequeno-pulpo\/\"><img decoding=\"async\" src=\"https:\/\/urucum-artes.org\/editorial\/wp-content\/uploads\/2022\/03\/papel-sm.jpg\" alt=\"\" width=\"100\" class=\"aligncenter wp-image-3129\" \/><\/a><\/th>\n<\/tr>\n<\/table>\n","protected":false},"featured_media":3152,"comment_status":"open","ping_status":"closed","template":"","meta":{"nf_dc_page":"","om_disable_all_campaigns":false,"_monsterinsights_skip_tracking":false,"_monsterinsights_sitenote_active":false,"_monsterinsights_sitenote_note":"","_monsterinsights_sitenote_category":0},"product_brand":[],"product_cat":[63,60,80],"product_tag":[67],"class_list":{"0":"post-3172","1":"product","2":"type-product","3":"status-publish","4":"has-post-thumbnail","6":"book_author-kiki-suarez","7":"book_author-luciana-accioly","8":"product_cat-cuentos","9":"product_cat-ebook","10":"product_cat-espanol","11":"product_tag-infancia","13":"first","14":"instock","15":"downloadable","16":"virtual","17":"purchasable","18":"product-type-simple"},"jetpack_sharing_enabled":true,"jetpack_likes_enabled":true,"_links":{"self":[{"href":"https:\/\/urucum-artes.org\/editorial\/wp-json\/wp\/v2\/product\/3172","targetHints":{"allow":["GET"]}}],"collection":[{"href":"https:\/\/urucum-artes.org\/editorial\/wp-json\/wp\/v2\/product"}],"about":[{"href":"https:\/\/urucum-artes.org\/editorial\/wp-json\/wp\/v2\/types\/product"}],"replies":[{"embeddable":true,"href":"https:\/\/urucum-artes.org\/editorial\/wp-json\/wp\/v2\/comments?post=3172"}],"wp:featuredmedia":[{"embeddable":true,"href":"https:\/\/urucum-artes.org\/editorial\/wp-json\/wp\/v2\/media\/3152"}],"wp:attachment":[{"href":"https:\/\/urucum-artes.org\/editorial\/wp-json\/wp\/v2\/media?parent=3172"}],"wp:term":[{"taxonomy":"product_brand","embeddable":true,"href":"https:\/\/urucum-artes.org\/editorial\/wp-json\/wp\/v2\/product_brand?post=3172"},{"taxonomy":"product_cat","embeddable":true,"href":"https:\/\/urucum-artes.org\/editorial\/wp-json\/wp\/v2\/product_cat?post=3172"},{"taxonomy":"product_tag","embeddable":true,"href":"https:\/\/urucum-artes.org\/editorial\/wp-json\/wp\/v2\/product_tag?post=3172"}],"curies":[{"name":"wp","href":"https:\/\/api.w.org\/{rel}","templated":true}]}}