{"id":3175,"date":"2022-03-24T12:17:53","date_gmt":"2022-03-24T18:17:53","guid":{"rendered":"https:\/\/urucum-artes.org\/editorial\/?post_type=product&#038;p=3175"},"modified":"2022-05-11T13:07:13","modified_gmt":"2022-05-11T18:07:13","slug":"o-pequeno-polvo-portugues-ebook","status":"publish","type":"product","link":"https:\/\/urucum-artes.org\/editorial\/product\/o-pequeno-polvo-portugues-ebook\/","title":{"rendered":"O pequeno polvo (Portugu\u00eas &#8211; eBook)"},"content":{"rendered":"<p>\u201cO que \u00e9 mais importante, a liberdade ou a respira\u00e7\u00e3o?&#8221; Essa pergunta, feita por uma crian\u00e7a de seis anos, inspirou este belo conto de Luciana Accioly, ilustrado por Kiki Su\u00e1rez. Um pequeno polvo se enfrenta \u00e0 grande aventura de viver, descobrindo no processo as belezas, as dificuldades, as alegrias e tristeas da vida e o mist\u00e9rio da criatividade. Um conto tanto para crian\u00e7as quanto para adultos, que nos convida a senti-pensar sobre o nosso caminhar no mundo.<\/p>\n","protected":false},"excerpt":{"rendered":"<p>\u201cO que \u00e9 mais importante, a liberdade ou a respira\u00e7\u00e3o?&#8221; Essa pergunta, feita por uma crian\u00e7a de seis anos, inspirou este belo conto de Luciana Accioly, ilustrado por Kiki Su\u00e1rez. Um pequeno polvo se enfrenta \u00e0 grande aventura de viver, descobrindo no processo as belezas, as dificuldades, as alegrias e tristeas da vida e o mist\u00e9rio da criatividade. Um conto tanto para crian\u00e7as quanto para adultos, que nos convida a senti-pensar sobre o nosso caminhar no mundo.<\/p>\n","protected":false},"featured_media":3152,"comment_status":"open","ping_status":"closed","template":"","meta":{"nf_dc_page":"","om_disable_all_campaigns":false,"_monsterinsights_skip_tracking":false,"_monsterinsights_sitenote_active":false,"_monsterinsights_sitenote_note":"","_monsterinsights_sitenote_category":0},"product_brand":[],"product_cat":[63,60,81],"product_tag":[67,69],"class_list":{"0":"post-3175","1":"product","2":"type-product","3":"status-publish","4":"has-post-thumbnail","6":"book_author-kiki-suarez","7":"book_author-luciana-accioly","8":"product_cat-cuentos","9":"product_cat-ebook","10":"product_cat-portugues","11":"product_tag-infancia","12":"product_tag-portugues","14":"first","15":"instock","16":"downloadable","17":"virtual","18":"purchasable","19":"product-type-simple"},"jetpack_sharing_enabled":true,"jetpack_likes_enabled":true,"_links":{"self":[{"href":"https:\/\/urucum-artes.org\/editorial\/wp-json\/wp\/v2\/product\/3175","targetHints":{"allow":["GET"]}}],"collection":[{"href":"https:\/\/urucum-artes.org\/editorial\/wp-json\/wp\/v2\/product"}],"about":[{"href":"https:\/\/urucum-artes.org\/editorial\/wp-json\/wp\/v2\/types\/product"}],"replies":[{"embeddable":true,"href":"https:\/\/urucum-artes.org\/editorial\/wp-json\/wp\/v2\/comments?post=3175"}],"wp:featuredmedia":[{"embeddable":true,"href":"https:\/\/urucum-artes.org\/editorial\/wp-json\/wp\/v2\/media\/3152"}],"wp:attachment":[{"href":"https:\/\/urucum-artes.org\/editorial\/wp-json\/wp\/v2\/media?parent=3175"}],"wp:term":[{"taxonomy":"product_brand","embeddable":true,"href":"https:\/\/urucum-artes.org\/editorial\/wp-json\/wp\/v2\/product_brand?post=3175"},{"taxonomy":"product_cat","embeddable":true,"href":"https:\/\/urucum-artes.org\/editorial\/wp-json\/wp\/v2\/product_cat?post=3175"},{"taxonomy":"product_tag","embeddable":true,"href":"https:\/\/urucum-artes.org\/editorial\/wp-json\/wp\/v2\/product_tag?post=3175"}],"curies":[{"name":"wp","href":"https:\/\/api.w.org\/{rel}","templated":true}]}}