{"id":3184,"date":"2022-03-26T12:42:18","date_gmt":"2022-03-26T18:42:18","guid":{"rendered":"https:\/\/urucum-artes.org\/editorial\/?post_type=product&#038;p=3184"},"modified":"2022-05-11T17:12:58","modified_gmt":"2022-05-11T22:12:58","slug":"las-donas-de-chiapas","status":"publish","type":"product","link":"https:\/\/urucum-artes.org\/editorial\/product\/las-donas-de-chiapas\/","title":{"rendered":"Las do\u00f1as de Chiapas (eBook)"},"content":{"rendered":"<p>&#8220;&#8230; Ya ten\u00eda yo quince a\u00f1os cuando me cas\u00e9. Mi esposo se llamaba Salvador. Yo estaba enamorada de \u00e9l. Me ca\u00eda bien. Y lo que m\u00e1s me ca\u00eda bien de \u00e9l era que ten\u00eda frijol y ma\u00edz. Sembr\u00f3 mis frijoles en tierra caliente. Trabajaba mucho y no tomaba mucho trago. S\u00f3lo como una o dos veces al a\u00f1o tomaba. \u00a1S\u00ed, claro, me pegaba! Pero como s\u00f3lo tomaba pocas veces, me pegaba pocas veces al a\u00f1o&#8230;&#8221;<\/p>\n<p><em>Las do\u00f1as de Chiapas<\/em> rescata palabras, ense\u00f1anzas y rostros. Kiki y Gayle reconocen la fortaleza y sensibilidad de las do\u00f1as de San Crist\u00f3bal, mujeres de tiempo y sabidur\u00eda, que viven al d\u00eda, no saben lo que pasar\u00e1 ma\u00f1ana, no les asusta el porvenir, el pasado ya se fue, y aunque recuerdan algunos d\u00edas de alegr\u00eda, coinciden con Frida Kahlo cuando exclama al final de su vida: &#8220;Espero no regresar nunca&#8221;.<\/p>\n<p style=\"text-align: right;\"><em>Elena Ponatiowska Amor<\/em><\/p>\n","protected":false},"excerpt":{"rendered":"<p><em>Las do\u00f1as de Chiapas<\/em> rescata palabras, ense\u00f1anzas y rostros. Kiki y Gayle reconocen la fortaleza y sensibilidad de las do\u00f1as de San Crist\u00f3bal, mujeres de tiempo y sabidur\u00eda, que viven al d\u00eda, no saben lo que pasar\u00e1 ma\u00f1ana, no les asusta el porvenir, el pasado ya se fue, y aunque recuerdan algunos d\u00edas de alegr\u00eda, coinciden con Frida Kahlo cuando exclama al final de su vida: &#8220;Espero no regresar nunca&#8221;.<\/p>\n<p><em>Elena Ponatiowska Amor<\/em><\/p>\n","protected":false},"featured_media":3186,"comment_status":"open","ping_status":"closed","template":"","meta":{"nf_dc_page":"","om_disable_all_campaigns":false,"_monsterinsights_skip_tracking":false,"_monsterinsights_sitenote_active":false,"_monsterinsights_sitenote_note":"","_monsterinsights_sitenote_category":0},"product_brand":[],"product_cat":[60,70,80],"product_tag":[55,72],"class_list":{"0":"post-3184","1":"product","2":"type-product","3":"status-publish","4":"has-post-thumbnail","6":"book_author-gayle-walker","7":"book_author-kiki-suarez","8":"product_cat-ebook","9":"product_cat-entrevistas","10":"product_cat-espanol","11":"product_tag-chiapas","12":"product_tag-entrevistas","14":"first","15":"instock","16":"downloadable","17":"virtual","18":"purchasable","19":"product-type-simple"},"jetpack_sharing_enabled":true,"jetpack_likes_enabled":true,"_links":{"self":[{"href":"https:\/\/urucum-artes.org\/editorial\/wp-json\/wp\/v2\/product\/3184","targetHints":{"allow":["GET"]}}],"collection":[{"href":"https:\/\/urucum-artes.org\/editorial\/wp-json\/wp\/v2\/product"}],"about":[{"href":"https:\/\/urucum-artes.org\/editorial\/wp-json\/wp\/v2\/types\/product"}],"replies":[{"embeddable":true,"href":"https:\/\/urucum-artes.org\/editorial\/wp-json\/wp\/v2\/comments?post=3184"}],"wp:featuredmedia":[{"embeddable":true,"href":"https:\/\/urucum-artes.org\/editorial\/wp-json\/wp\/v2\/media\/3186"}],"wp:attachment":[{"href":"https:\/\/urucum-artes.org\/editorial\/wp-json\/wp\/v2\/media?parent=3184"}],"wp:term":[{"taxonomy":"product_brand","embeddable":true,"href":"https:\/\/urucum-artes.org\/editorial\/wp-json\/wp\/v2\/product_brand?post=3184"},{"taxonomy":"product_cat","embeddable":true,"href":"https:\/\/urucum-artes.org\/editorial\/wp-json\/wp\/v2\/product_cat?post=3184"},{"taxonomy":"product_tag","embeddable":true,"href":"https:\/\/urucum-artes.org\/editorial\/wp-json\/wp\/v2\/product_tag?post=3184"}],"curies":[{"name":"wp","href":"https:\/\/api.w.org\/{rel}","templated":true}]}}