{"id":3194,"date":"2022-03-29T11:48:31","date_gmt":"2022-03-29T17:48:31","guid":{"rendered":"https:\/\/urucum-artes.org\/editorial\/?post_type=product&#038;p=3194"},"modified":"2022-05-11T13:05:27","modified_gmt":"2022-05-11T18:05:27","slug":"voces-de-los-sotanos-ebook","status":"publish","type":"product","link":"https:\/\/urucum-artes.org\/editorial\/product\/voces-de-los-sotanos-ebook\/","title":{"rendered":"Voces de los s\u00f3tanos (eBook)"},"content":{"rendered":"<p>Desde el inicio de este siglo, surgi\u00f3 un movimiento literario potente y contestatario en las periferias, favelas, prisiones y otros espacios marginales de Brasil. \u00bfQu\u00e9 significa este movimiento en la historia literaria de Brasil? \u00bfQu\u00e9 aporta una literatura con una mirada de abajo, desde los m\u00e1rgenes y s\u00f3tanos de nuestro mundo? \u00bfQu\u00e9 potencial emancipatorio tiene esta literatura? \u00bfQu\u00e9 caracteriza este movimiento, que incluye acciones paraliterarias de protesta y construcci\u00f3n de autonom\u00eda?<\/p>\n<p><em>Voces de los s\u00f3tanos<\/em> examina esta literatura desde el punto de vista literario y pol\u00edtico, con una mirada zapatista. Su intenci\u00f3n, m\u00e1s que un trabajo meraente acad\u00e9mico, es dialogar con las y los miembros del movimiento y con creadores contempor\u00e1neos en general, tratando de entender el potencial liberador de las artes que surgen de los abajos de nuestra Am\u00e9rica.<\/p>\n","protected":false},"excerpt":{"rendered":"<p>Desde el inicio de este siglo, surgi\u00f3 un movimiento literario potente y contestatario en las periferias, favelas, prisiones y otros espacios marginales de Brasil. \u00bfQu\u00e9 significa este movimiento en la historia literaria de Brasil? \u00bfQu\u00e9 aporta una literatura con una mirada de abajo, desde los m\u00e1rgenes y s\u00f3tanos de nuestro mundo? \u00bfQu\u00e9 potencial emancipatorio tiene esta literatura? \u00bfQu\u00e9 caracteriza este movimiento, que incluye acciones paraliterarias de protesta y construcci\u00f3n de autonom\u00eda?<\/p>\n<p>Voces de los s\u00f3tanos examina esta literatura desde el punto de vista literario y pol\u00edtico, con una mirada zapatista. Su intenci\u00f3n, m\u00e1s que un trabajo meraente acad\u00e9mico, es dialogar con las y los miembros del movimiento y con creadores contempor\u00e1neos en general, tratando de entender el potencial liberador de las artes que surgen de los abajos de nuestra Am\u00e9rica.<\/p>\n<table>\n<tr>\n<th style=\"vertical-align:center\">Versi\u00f3n electr\u00f3nica (eBook)<\/th>\n<th style=\"vertical-align:center\">&nbsp;<\/th>\n<\/tr>\n<tr>\n<th style=\"vertical-align:center\">Tambi\u00e9n disponible en papel: &nbsp;<\/th>\n<th style=\"vertical-align:center\"><a href=\"https:\/\/urucum-artes.org\/editorial\/product\/voces-de-los-sotanos\/\"><img decoding=\"async\" src=\"https:\/\/urucum-artes.org\/editorial\/wp-content\/uploads\/2022\/03\/papel-sm.jpg\" alt=\"\" width=\"100\" class=\"aligncenter wp-image-3129\" \/><\/a><\/th>\n<\/tr>\n<\/table>\n","protected":false},"featured_media":3197,"comment_status":"open","ping_status":"closed","template":"","meta":{"nf_dc_page":"","om_disable_all_campaigns":false,"_monsterinsights_skip_tracking":false,"_monsterinsights_sitenote_active":false,"_monsterinsights_sitenote_note":"","_monsterinsights_sitenote_category":0},"product_brand":[],"product_cat":[60,57,80],"product_tag":[66,75,74,76],"class_list":{"0":"post-3194","1":"product","2":"type-product","3":"status-publish","4":"has-post-thumbnail","6":"book_author-alejandro-reyes","7":"product_cat-ebook","8":"product_cat-ensayo","9":"product_cat-espanol","10":"product_tag-brasil","11":"product_tag-ensayo","12":"product_tag-literatura","13":"product_tag-literatura-marginal","15":"first","16":"instock","17":"downloadable","18":"virtual","19":"purchasable","20":"product-type-simple"},"jetpack_sharing_enabled":true,"jetpack_likes_enabled":true,"_links":{"self":[{"href":"https:\/\/urucum-artes.org\/editorial\/wp-json\/wp\/v2\/product\/3194","targetHints":{"allow":["GET"]}}],"collection":[{"href":"https:\/\/urucum-artes.org\/editorial\/wp-json\/wp\/v2\/product"}],"about":[{"href":"https:\/\/urucum-artes.org\/editorial\/wp-json\/wp\/v2\/types\/product"}],"replies":[{"embeddable":true,"href":"https:\/\/urucum-artes.org\/editorial\/wp-json\/wp\/v2\/comments?post=3194"}],"wp:featuredmedia":[{"embeddable":true,"href":"https:\/\/urucum-artes.org\/editorial\/wp-json\/wp\/v2\/media\/3197"}],"wp:attachment":[{"href":"https:\/\/urucum-artes.org\/editorial\/wp-json\/wp\/v2\/media?parent=3194"}],"wp:term":[{"taxonomy":"product_brand","embeddable":true,"href":"https:\/\/urucum-artes.org\/editorial\/wp-json\/wp\/v2\/product_brand?post=3194"},{"taxonomy":"product_cat","embeddable":true,"href":"https:\/\/urucum-artes.org\/editorial\/wp-json\/wp\/v2\/product_cat?post=3194"},{"taxonomy":"product_tag","embeddable":true,"href":"https:\/\/urucum-artes.org\/editorial\/wp-json\/wp\/v2\/product_tag?post=3194"}],"curies":[{"name":"wp","href":"https:\/\/api.w.org\/{rel}","templated":true}]}}